{"id":2472,"date":"2025-12-25T14:51:52","date_gmt":"2025-12-25T14:51:52","guid":{"rendered":"https:\/\/delta-gebaeude.de\/karriere\/"},"modified":"2025-12-27T13:41:36","modified_gmt":"2025-12-27T13:41:36","slug":"career","status":"publish","type":"page","link":"https:\/\/delta-gebaeude.de\/en\/career\/","title":{"rendered":"career"},"content":{"rendered":"\t\t<div data-elementor-type=\"wp-page\" data-elementor-id=\"2472\" class=\"elementor elementor-2472 elementor-2450\">\n\t\t\t\t<div class=\"elementor-element elementor-element-f33f044 e-flex e-con-boxed e-con e-parent\" data-id=\"f33f044\" data-element_type=\"container\">\n\t\t\t\t\t<div class=\"e-con-inner\">\n\t\t<div class=\"elementor-element elementor-element-0295960 e-con-full e-flex e-con e-child\" data-id=\"0295960\" data-element_type=\"container\">\n\t\t\t\t<div class=\"elementor-element elementor-element-69a2d93 elementor-widget elementor-widget-konstic-theme-image-box-widget\" data-id=\"69a2d93\" data-element_type=\"widget\" data-widget_type=\"konstic-theme-image-box-widget.default\">\n\t\t\t\t<div class=\"elementor-widget-container\">\n\t\t\t\t\t\r\n\t\r\n\r\n    <div class=\"about-wrapper\">\r\n\t\t<div class=\"about-image\">\r\n\t\t\t   \r\n\t\t\t\t<img decoding=\"async\" class=\"wow fadeInLeft\" data-wow-delay=\".3s\" src=\"https:\/\/delta-gebaeude.de\/wp-content\/uploads\/2024\/08\/about-1.jpg\" alt=\"\"\/>\r\n\t\t\t\t\t\t<div class=\"about-image-2 wow fadeInUp\" data-wow-delay=\".5s\">\r\n\t\t\t   \r\n\t\t\t\t<img decoding=\"async\" src=\"https:\/\/delta-gebaeude.de\/wp-content\/uploads\/2024\/08\/02.jpg\" alt=\"\"\/>\r\n\t\t\t\t\t\t\t<div class=\"video-box\">\r\n\t\t\t\t\t<a href=\"\" class=\"video-btn video-popup\">\r\n\t\t\t\t\t\t<i class=\"fas fa-play\"><\/i>\r\n\t\t\t\t\t<\/a>\r\n\t\t\t\t<\/div>\r\n\t\t\t<\/div>\r\n\t\t\t<div class=\"about-line-shape\">\r\n\t\t\t\t\t\t<\/div>\r\n\t\t<\/div>\r\n    <\/div>\r\n\r\n\t\r\n\r\n             \r\n\t\t\t\t\t\t<\/div>\n\t\t\t\t<\/div>\n\t\t\t\t<\/div>\n\t\t<div class=\"elementor-element elementor-element-9ca631e e-con-full e-flex e-con e-child\" data-id=\"9ca631e\" data-element_type=\"container\">\n\t\t\t\t<div class=\"elementor-element elementor-element-e524f22 elementor-widget elementor-widget-konstic-heading-title-widget\" data-id=\"e524f22\" data-element_type=\"widget\" data-widget_type=\"konstic-heading-title-widget.default\">\n\t\t\t\t<div class=\"elementor-widget-container\">\n\t\t\t\t\t\r\n\t\r\n\r\n<div class=\"section-title m-0\">\r\n\t<h6><i class=\"fa-sharp fa-solid fa-hammer me-2\"><\/i>Careers at DELTA Building & Real Estate Service<\/h6>\r\n<\/div>\r\n\r\n\t\r\n\r\n             \r\n\t\t\t\t\t\t<\/div>\n\t\t\t\t<\/div>\n\t\t\t\t<div class=\"elementor-element elementor-element-a84507a elementor-widget elementor-widget-heading\" data-id=\"a84507a\" data-element_type=\"widget\" data-widget_type=\"heading.default\">\n\t\t\t\t\t<h2 class=\"elementor-heading-title elementor-size-default\">We are growing in Duisburg and the surrounding area \u2013 and are looking for reliable support.<\/h2>\t\t\t\t<\/div>\n\t\t\t\t<div class=\"elementor-element elementor-element-fa59ad6 elementor-widget elementor-widget-text-editor\" data-id=\"fa59ad6\" data-element_type=\"widget\" data-widget_type=\"text-editor.default\">\n\t\t\t\t\t\t\t\t\t<p data-start=\"285\" data-end=\"454\">DELTA Geb\u00e4ude UG (limited liability company) offers: building cleaning (private &amp; commercial), industrial cleaning, caretaker services, waste disposal and renovation\/craft services.<\/p><h3 data-start=\"456\" data-end=\"481\">\u00a0<\/h3>\t\t\t\t\t\t\t\t<\/div>\n\t\t\t\t<div class=\"elementor-element elementor-element-87b46a3 elementor-widget elementor-widget-heading\" data-id=\"87b46a3\" data-element_type=\"widget\" data-widget_type=\"heading.default\">\n\t\t\t\t\t<h2 class=\"elementor-heading-title elementor-size-default\">What we offer<\/h2>\t\t\t\t<\/div>\n\t\t\t\t<div class=\"elementor-element elementor-element-aeb2cff elementor-icon-list--layout-traditional elementor-list-item-link-full_width elementor-widget elementor-widget-icon-list\" data-id=\"aeb2cff\" data-element_type=\"widget\" data-widget_type=\"icon-list.default\">\n\t\t\t\t\t\t\t<ul class=\"elementor-icon-list-items\">\n\t\t\t\t\t\t\t<li class=\"elementor-icon-list-item\">\n\t\t\t\t\t\t\t\t\t\t\t<span class=\"elementor-icon-list-icon\">\n\t\t\t\t\t\t\t<svg aria-hidden=\"true\" class=\"e-font-icon-svg e-fas-check-circle\" viewBox=\"0 0 512 512\" xmlns=\"http:\/\/www.w3.org\/2000\/svg\"><path d=\"M504 256c0 136.967-111.033 248-248 248S8 392.967 8 256 119.033 8 256 8s248 111.033 248 248zM227.314 387.314l184-184c6.248-6.248 6.248-16.379 0-22.627l-22.627-22.627c-6.248-6.249-16.379-6.249-22.628 0L216 308.118l-70.059-70.059c-6.248-6.248-16.379-6.248-22.628 0l-22.627 22.627c-6.248 6.248-6.248 16.379 0 22.627l104 104c6.249 6.249 16.379 6.249 22.628.001z\"><\/path><\/svg>\t\t\t\t\t\t<\/span>\n\t\t\t\t\t\t\t\t\t\t<span class=\"elementor-icon-list-text\">Reliable deployment planning and clear tasks<\/span>\n\t\t\t\t\t\t\t\t\t<\/li>\n\t\t\t\t\t\t\t\t<li class=\"elementor-icon-list-item\">\n\t\t\t\t\t\t\t\t\t\t\t<span class=\"elementor-icon-list-icon\">\n\t\t\t\t\t\t\t<svg aria-hidden=\"true\" class=\"e-font-icon-svg e-fas-check-circle\" viewBox=\"0 0 512 512\" xmlns=\"http:\/\/www.w3.org\/2000\/svg\"><path d=\"M504 256c0 136.967-111.033 248-248 248S8 392.967 8 256 119.033 8 256 8s248 111.033 248 248zM227.314 387.314l184-184c6.248-6.248 6.248-16.379 0-22.627l-22.627-22.627c-6.248-6.249-16.379-6.249-22.628 0L216 308.118l-70.059-70.059c-6.248-6.248-16.379-6.248-22.628 0l-22.627 22.627c-6.248 6.248-6.248 16.379 0 22.627l104 104c6.249 6.249 16.379 6.249 22.628.001z\"><\/path><\/svg>\t\t\t\t\t\t<\/span>\n\t\t\t\t\t\t\t\t\t\t<span class=\"elementor-icon-list-text\">Fair compensation (by agreement) + punctual payment<\/span>\n\t\t\t\t\t\t\t\t\t<\/li>\n\t\t\t\t\t\t\t\t<li class=\"elementor-icon-list-item\">\n\t\t\t\t\t\t\t\t\t\t\t<span class=\"elementor-icon-list-icon\">\n\t\t\t\t\t\t\t<svg aria-hidden=\"true\" class=\"e-font-icon-svg e-fas-check-circle\" viewBox=\"0 0 512 512\" xmlns=\"http:\/\/www.w3.org\/2000\/svg\"><path d=\"M504 256c0 136.967-111.033 248-248 248S8 392.967 8 256 119.033 8 256 8s248 111.033 248 248zM227.314 387.314l184-184c6.248-6.248 6.248-16.379 0-22.627l-22.627-22.627c-6.248-6.249-16.379-6.249-22.628 0L216 308.118l-70.059-70.059c-6.248-6.248-16.379-6.248-22.628 0l-22.627 22.627c-6.248 6.248-6.248 16.379 0 22.627l104 104c6.249 6.249 16.379 6.249 22.628.001z\"><\/path><\/svg>\t\t\t\t\t\t<\/span>\n\t\t\t\t\t\t\t\t\t\t<span class=\"elementor-icon-list-text\">Training and quality standards<\/span>\n\t\t\t\t\t\t\t\t\t<\/li>\n\t\t\t\t\t\t\t\t<li class=\"elementor-icon-list-item\">\n\t\t\t\t\t\t\t\t\t\t\t<span class=\"elementor-icon-list-icon\">\n\t\t\t\t\t\t\t<svg aria-hidden=\"true\" class=\"e-font-icon-svg e-fas-check-circle\" viewBox=\"0 0 512 512\" xmlns=\"http:\/\/www.w3.org\/2000\/svg\"><path d=\"M504 256c0 136.967-111.033 248-248 248S8 392.967 8 256 119.033 8 256 8s248 111.033 248 248zM227.314 387.314l184-184c6.248-6.248 6.248-16.379 0-22.627l-22.627-22.627c-6.248-6.249-16.379-6.249-22.628 0L216 308.118l-70.059-70.059c-6.248-6.248-16.379-6.248-22.628 0l-22.627 22.627c-6.248 6.248-6.248 16.379 0 22.627l104 104c6.249 6.249 16.379 6.249 22.628.001z\"><\/path><\/svg>\t\t\t\t\t\t<\/span>\n\t\t\t\t\t\t\t\t\t\t<span class=\"elementor-icon-list-text\">Work clothing\/equipment (depending on the job)<\/span>\n\t\t\t\t\t\t\t\t\t<\/li>\n\t\t\t\t\t\t\t\t<li class=\"elementor-icon-list-item\">\n\t\t\t\t\t\t\t\t\t\t\t<span class=\"elementor-icon-list-icon\">\n\t\t\t\t\t\t\t<svg aria-hidden=\"true\" class=\"e-font-icon-svg e-fas-check-circle\" viewBox=\"0 0 512 512\" xmlns=\"http:\/\/www.w3.org\/2000\/svg\"><path d=\"M504 256c0 136.967-111.033 248-248 248S8 392.967 8 256 119.033 8 256 8s248 111.033 248 248zM227.314 387.314l184-184c6.248-6.248 6.248-16.379 0-22.627l-22.627-22.627c-6.248-6.249-16.379-6.249-22.628 0L216 308.118l-70.059-70.059c-6.248-6.248-16.379-6.248-22.628 0l-22.627 22.627c-6.248 6.248-6.248 16.379 0 22.627l104 104c6.249 6.249 16.379 6.249 22.628.001z\"><\/path><\/svg>\t\t\t\t\t\t<\/span>\n\t\t\t\t\t\t\t\t\t\t<span class=\"elementor-icon-list-text\">Long-term cooperation possible<\/span>\n\t\t\t\t\t\t\t\t\t<\/li>\n\t\t\t\t\t\t<\/ul>\n\t\t\t\t\t\t<\/div>\n\t\t\t\t<div class=\"elementor-element elementor-element-d2e3110 elementor-widget-divider--view-line elementor-widget elementor-widget-divider\" data-id=\"d2e3110\" data-element_type=\"widget\" data-widget_type=\"divider.default\">\n\t\t\t\t\t\t\t<div class=\"elementor-divider\">\n\t\t\t<span class=\"elementor-divider-separator\">\n\t\t\t\t\t\t<\/span>\n\t\t<\/div>\n\t\t\t\t\t\t<\/div>\n\t\t<div class=\"elementor-element elementor-element-d821ed4 e-con-full e-flex e-con e-child\" data-id=\"d821ed4\" data-element_type=\"container\">\n\t\t\t\t<div class=\"elementor-element elementor-element-156dd43 elementor-position-left elementor-vertical-align-middle elementor-widget__width-initial elementor-position-top elementor-widget-mobile__width-initial elementor-widget elementor-widget-image-box\" data-id=\"156dd43\" data-element_type=\"widget\" data-widget_type=\"image-box.default\">\n\t\t\t\t\t<div class=\"elementor-image-box-wrapper\"><figure class=\"elementor-image-box-img\"><img fetchpriority=\"high\" decoding=\"async\" width=\"2193\" height=\"2046\" src=\"https:\/\/delta-gebaeude.de\/wp-content\/uploads\/2025\/12\/WhatsApp-Image-2025-12-09-at-5.46.30-PM-scaled-e1774376884512.jpeg\" class=\"attachment-full size-full wp-image-2347\" alt=\"\" \/><\/figure><div class=\"elementor-image-box-content\"><h6 class=\"elementor-image-box-title\">Founder &amp; Owner<\/h6><p class=\"elementor-image-box-description\">Mohamed Mousa<\/p><\/div><\/div>\t\t\t\t<\/div>\n\t\t\t\t<\/div>\n\t\t\t\t<\/div>\n\t\t\t\t\t<\/div>\n\t\t\t\t<\/div>\n\t\t<div class=\"elementor-element elementor-element-272f669 e-flex e-con-boxed e-con e-parent\" data-id=\"272f669\" data-element_type=\"container\" data-settings=\"{&quot;background_background&quot;:&quot;classic&quot;}\">\n\t\t\t\t\t<div class=\"e-con-inner\">\n\t\t<div class=\"elementor-element elementor-element-e224014 e-con-full e-flex e-con e-child\" data-id=\"e224014\" data-element_type=\"container\" data-settings=\"{&quot;background_background&quot;:&quot;classic&quot;}\">\n\t\t<div class=\"elementor-element elementor-element-cdd8101 e-con-full e-flex e-con e-child\" data-id=\"cdd8101\" data-element_type=\"container\">\n\t\t\t\t<div class=\"elementor-element elementor-element-06243a5 elementor-widget elementor-widget-heading\" data-id=\"06243a5\" data-element_type=\"widget\" data-widget_type=\"heading.default\">\n\t\t\t\t\t<h2 class=\"elementor-heading-title elementor-size-default\">To apply for a position, please send your CV.<\/h2>\t\t\t\t<\/div>\n\t\t\t\t<div class=\"elementor-element elementor-element-de77ce2 elementor-widget elementor-widget-konstic-theme-button-widget\" data-id=\"de77ce2\" data-element_type=\"widget\" data-widget_type=\"konstic-theme-button-widget.default\">\n\t\t\t\t<div class=\"elementor-widget-container\">\n\t\t\t\t\t\r\n\t\r\n\r\n    <a href=\"mailto:kontakt@delta-gebaeude.de\" class=\"theme-btn bg-white\">\r\n\t\tsend your cv\t\t<i class=\"fa-regular fa-arrow-right\"><\/i>\r\n\t<\/a>\r\n\r\n\t\r\n\r\n             \r\n\t\t\t\t\t\t<\/div>\n\t\t\t\t<\/div>\n\t\t\t\t<\/div>\n\t\t<div class=\"elementor-element elementor-element-7d63c54 e-con-full e-flex e-con e-child\" data-id=\"7d63c54\" data-element_type=\"container\">\n\t\t\t\t<div class=\"elementor-element elementor-element-50e9c3e elementor-widget elementor-widget-image\" data-id=\"50e9c3e\" data-element_type=\"widget\" data-widget_type=\"image.default\">\n\t\t\t\t\t\t\t\t\t\t\t\t\t\t\t<img decoding=\"async\" width=\"212\" height=\"255\" src=\"https:\/\/delta-gebaeude.de\/wp-content\/uploads\/2024\/08\/worker-1.png\" class=\"attachment-large size-large wp-image-1363\" alt=\"\" \/>\t\t\t\t\t\t\t\t\t\t\t\t\t\t\t<\/div>\n\t\t\t\t<\/div>\n\t\t\t\t<\/div>\n\t\t\t\t\t<\/div>\n\t\t\t\t<\/div>\n\t\t<div class=\"elementor-element elementor-element-c2d9aac e-flex e-con-boxed e-con e-parent\" data-id=\"c2d9aac\" data-element_type=\"container\">\n\t\t\t\t\t<div class=\"e-con-inner\">\n\t\t<div class=\"elementor-element elementor-element-226196b e-con-full elementor-hidden-tablet elementor-hidden-mobile e-flex e-con e-child\" data-id=\"226196b\" data-element_type=\"container\">\n\t\t\t\t<div class=\"elementor-element elementor-element-5624570 elementor-widget elementor-widget-image\" data-id=\"5624570\" data-element_type=\"widget\" data-widget_type=\"image.default\">\n\t\t\t\t\t\t\t\t\t\t\t\t\t\t\t<img decoding=\"async\" width=\"485\" height=\"592\" src=\"https:\/\/delta-gebaeude.de\/wp-content\/uploads\/2024\/08\/about-1.jpg\" class=\"attachment-large size-large wp-image-1705\" alt=\"\" srcset=\"https:\/\/delta-gebaeude.de\/wp-content\/uploads\/2024\/08\/about-1.jpg 485w, https:\/\/delta-gebaeude.de\/wp-content\/uploads\/2024\/08\/about-1-246x300.jpg 246w\" sizes=\"(max-width: 485px) 100vw, 485px\" \/>\t\t\t\t\t\t\t\t\t\t\t\t\t\t\t<\/div>\n\t\t\t\t<div class=\"elementor-element elementor-element-1bbb4a2 elementor-absolute elementor-widget__width-initial elementor-widget elementor-widget-image\" data-id=\"1bbb4a2\" data-element_type=\"widget\" data-settings=\"{&quot;_position&quot;:&quot;absolute&quot;}\" data-widget_type=\"image.default\">\n\t\t\t\t\t\t\t\t\t\t\t\t\t\t\t<img loading=\"lazy\" decoding=\"async\" width=\"740\" height=\"495\" src=\"https:\/\/delta-gebaeude.de\/wp-content\/uploads\/2025\/12\/pexels-pixabay-209230-1024x685.jpg\" class=\"attachment-large size-large wp-image-2138\" alt=\"\" srcset=\"https:\/\/delta-gebaeude.de\/wp-content\/uploads\/2025\/12\/pexels-pixabay-209230-1024x685.jpg 1024w, https:\/\/delta-gebaeude.de\/wp-content\/uploads\/2025\/12\/pexels-pixabay-209230-300x201.jpg 300w, https:\/\/delta-gebaeude.de\/wp-content\/uploads\/2025\/12\/pexels-pixabay-209230-768x514.jpg 768w, https:\/\/delta-gebaeude.de\/wp-content\/uploads\/2025\/12\/pexels-pixabay-209230-1536x1028.jpg 1536w, https:\/\/delta-gebaeude.de\/wp-content\/uploads\/2025\/12\/pexels-pixabay-209230-2048x1371.jpg 2048w\" sizes=\"(max-width: 740px) 100vw, 740px\" \/>\t\t\t\t\t\t\t\t\t\t\t\t\t\t\t<\/div>\n\t\t\t\t<div class=\"elementor-element elementor-element-2c5cfcc elementor-absolute elementor-widget elementor-widget-image\" data-id=\"2c5cfcc\" data-element_type=\"widget\" data-settings=\"{&quot;_position&quot;:&quot;absolute&quot;}\" data-widget_type=\"image.default\">\n\t\t\t\t\t\t\t\t\t\t\t\t\t\t\t<img loading=\"lazy\" decoding=\"async\" width=\"185\" height=\"178\" src=\"https:\/\/delta-gebaeude.de\/wp-content\/uploads\/2024\/08\/Clip-path-group.png\" class=\"attachment-large size-large wp-image-1269\" alt=\"\" \/>\t\t\t\t\t\t\t\t\t\t\t\t\t\t\t<\/div>\n\t\t<div class=\"elementor-element elementor-element-16bb8c1 e-con-full e-flex e-con e-child\" data-id=\"16bb8c1\" data-element_type=\"container\">\n\t\t\t\t<div class=\"elementor-element elementor-element-6f3963e elementor-position-left elementor-vertical-align-middle elementor-widget__width-initial elementor-position-top elementor-widget-mobile__width-initial elementor-widget elementor-widget-image-box\" data-id=\"6f3963e\" data-element_type=\"widget\" data-widget_type=\"image-box.default\">\n\t\t\t\t\t<div class=\"elementor-image-box-wrapper\"><figure class=\"elementor-image-box-img\"><img fetchpriority=\"high\" decoding=\"async\" width=\"2193\" height=\"2046\" src=\"https:\/\/delta-gebaeude.de\/wp-content\/uploads\/2025\/12\/WhatsApp-Image-2025-12-09-at-5.46.30-PM-scaled-e1774376884512.jpeg\" class=\"attachment-full size-full wp-image-2347\" alt=\"\" \/><\/figure><div class=\"elementor-image-box-content\"><h6 class=\"elementor-image-box-title\">Founder &amp; Owner<\/h6><p class=\"elementor-image-box-description\">Mohamed Mousa<\/p><\/div><\/div>\t\t\t\t<\/div>\n\t\t\t\t<\/div>\n\t\t\t\t<\/div>\n\t\t<div class=\"elementor-element elementor-element-0baf9a7 e-con-full e-flex e-con e-child\" data-id=\"0baf9a7\" data-element_type=\"container\">\n\t\t\t\t<div class=\"elementor-element elementor-element-088ca65 elementor-widget elementor-widget-konstic-heading-title-widget\" data-id=\"088ca65\" data-element_type=\"widget\" data-widget_type=\"konstic-heading-title-widget.default\">\n\t\t\t\t<div class=\"elementor-widget-container\">\n\t\t\t\t\t\r\n\t\r\n\r\n<div class=\"section-title m-0\">\r\n\t<h6><i class=\"fa-sharp fa-solid fa-hammer me-2\"><\/i>Who we are looking for (m\/f\/d)<\/h6>\r\n<\/div>\r\n\r\n\t\r\n\r\n             \r\n\t\t\t\t\t\t<\/div>\n\t\t\t\t<\/div>\n\t\t\t\t<div class=\"elementor-element elementor-element-3c78e07 elementor-widget elementor-widget-heading\" data-id=\"3c78e07\" data-element_type=\"widget\" data-widget_type=\"heading.default\">\n\t\t\t\t\t<h2 class=\"elementor-heading-title elementor-size-default\">We are looking for motivated employees for the following areas:<\/h2>\t\t\t\t<\/div>\n\t\t<div class=\"elementor-element elementor-element-e1e7220 e-con-full e-flex e-con e-child\" data-id=\"e1e7220\" data-element_type=\"container\">\n\t\t<div class=\"elementor-element elementor-element-92115cf e-con-full e-flex e-con e-child\" data-id=\"92115cf\" data-element_type=\"container\">\n\t\t\t\t<div class=\"elementor-element elementor-element-8ed9873 elementor-widget elementor-widget-heading\" data-id=\"8ed9873\" data-element_type=\"widget\" data-widget_type=\"heading.default\">\n\t\t\t\t\t<h5 class=\"elementor-heading-title elementor-size-default\">1) Cleaner \u2013 General cleaning (m\/f\/d)<\/h5>\t\t\t\t<\/div>\n\t\t\t\t<div class=\"elementor-element elementor-element-a9c8df6 elementor-widget elementor-widget-text-editor\" data-id=\"a9c8df6\" data-element_type=\"widget\" data-widget_type=\"text-editor.default\">\n\t\t\t\t\t\t\t\t\t<p data-start=\"396\" data-end=\"590\">Tasks: Offices, stairwells, sanitary facilities, general cleaning according to plan. Profile: meticulous, reliable, ideally some experience (not mandatory).<\/p><h3 data-start=\"592\" data-end=\"623\">\u00a0<\/h3>\t\t\t\t\t\t\t\t<\/div>\n\t\t\t\t<\/div>\n\t\t\t\t<\/div>\n\t\t\t\t<div class=\"elementor-element elementor-element-0fe2145 elementor-widget-divider--view-line elementor-widget elementor-widget-divider\" data-id=\"0fe2145\" data-element_type=\"widget\" data-widget_type=\"divider.default\">\n\t\t\t\t\t\t\t<div class=\"elementor-divider\">\n\t\t\t<span class=\"elementor-divider-separator\">\n\t\t\t\t\t\t<\/span>\n\t\t<\/div>\n\t\t\t\t\t\t<\/div>\n\t\t<div class=\"elementor-element elementor-element-f9b184b e-con-full e-flex e-con e-child\" data-id=\"f9b184b\" data-element_type=\"container\">\n\t\t<div class=\"elementor-element elementor-element-78dca62 e-con-full e-flex e-con e-child\" data-id=\"78dca62\" data-element_type=\"container\">\n\t\t\t\t<div class=\"elementor-element elementor-element-2b03e39 elementor-widget elementor-widget-heading\" data-id=\"2b03e39\" data-element_type=\"widget\" data-widget_type=\"heading.default\">\n\t\t\t\t\t<h5 class=\"elementor-heading-title elementor-size-default\">2) Cleaning staff \u2013 industrial cleaning (m\/f\/d)<\/h5>\t\t\t\t<\/div>\n\t\t\t\t<div class=\"elementor-element elementor-element-a809f58 elementor-widget elementor-widget-text-editor\" data-id=\"a809f58\" data-element_type=\"widget\" data-widget_type=\"text-editor.default\">\n\t\t\t\t\t\t\t\t\t<p data-start=\"624\" data-end=\"833\">Tasks: Cleaning halls\/production areas, close to machines after instruction, observing safety rules. Profile: physically resilient, responsible, safety-conscious.<\/p>\t\t\t\t\t\t\t\t<\/div>\n\t\t\t\t<\/div>\n\t\t\t\t<\/div>\n\t\t\t\t<div class=\"elementor-element elementor-element-7e57a25 elementor-widget-divider--view-line elementor-widget elementor-widget-divider\" data-id=\"7e57a25\" data-element_type=\"widget\" data-widget_type=\"divider.default\">\n\t\t\t\t\t\t\t<div class=\"elementor-divider\">\n\t\t\t<span class=\"elementor-divider-separator\">\n\t\t\t\t\t\t<\/span>\n\t\t<\/div>\n\t\t\t\t\t\t<\/div>\n\t\t<div class=\"elementor-element elementor-element-f4b1932 e-con-full e-flex e-con e-child\" data-id=\"f4b1932\" data-element_type=\"container\">\n\t\t<div class=\"elementor-element elementor-element-608f589 e-con-full e-flex e-con e-child\" data-id=\"608f589\" data-element_type=\"container\">\n\t\t\t\t<div class=\"elementor-element elementor-element-b6f03b9 elementor-widget elementor-widget-heading\" data-id=\"b6f03b9\" data-element_type=\"widget\" data-widget_type=\"heading.default\">\n\t\t\t\t\t<h5 class=\"elementor-heading-title elementor-size-default\">3) Caretaker \/ Property Manager (m\/f\/d)<\/h5>\t\t\t\t<\/div>\n\t\t\t\t<div class=\"elementor-element elementor-element-797b4b5 elementor-widget elementor-widget-text-editor\" data-id=\"797b4b5\" data-element_type=\"widget\" data-widget_type=\"text-editor.default\">\n\t\t\t\t\t\t\t\t\t<p data-start=\"624\" data-end=\"833\">Responsibilities: Minor repairs, inspection rounds, snow removal (depending on the contract), on-site coordination. Profile: Practical skills, friendly to customers.<\/p>\t\t\t\t\t\t\t\t<\/div>\n\t\t\t\t<\/div>\n\t\t\t\t<\/div>\n\t\t\t\t<div class=\"elementor-element elementor-element-b4664e2 elementor-widget-divider--view-line elementor-widget elementor-widget-divider\" data-id=\"b4664e2\" data-element_type=\"widget\" data-widget_type=\"divider.default\">\n\t\t\t\t\t\t\t<div class=\"elementor-divider\">\n\t\t\t<span class=\"elementor-divider-separator\">\n\t\t\t\t\t\t<\/span>\n\t\t<\/div>\n\t\t\t\t\t\t<\/div>\n\t\t<div class=\"elementor-element elementor-element-3a148b8 e-con-full e-flex e-con e-child\" data-id=\"3a148b8\" data-element_type=\"container\">\n\t\t<div class=\"elementor-element elementor-element-258da9a e-con-full e-flex e-con e-child\" data-id=\"258da9a\" data-element_type=\"container\">\n\t\t\t\t<div class=\"elementor-element elementor-element-69d2457 elementor-widget elementor-widget-heading\" data-id=\"69d2457\" data-element_type=\"widget\" data-widget_type=\"heading.default\">\n\t\t\t\t\t<h5 class=\"elementor-heading-title elementor-size-default\">4) Renovation helper \/ Construction helper (m\/f\/d)<\/h5>\t\t\t\t<\/div>\n\t\t\t\t<div class=\"elementor-element elementor-element-11a0ceb elementor-widget elementor-widget-text-editor\" data-id=\"11a0ceb\" data-element_type=\"widget\" data-widget_type=\"text-editor.default\">\n\t\t\t\t\t\t\t\t\t<p data-start=\"624\" data-end=\"833\">Tasks: Masking, dismantling\/disposal, carrying\/transporting, assisting with removal. Profile: practical, punctual, team player.<\/p>\t\t\t\t\t\t\t\t<\/div>\n\t\t\t\t<\/div>\n\t\t\t\t<\/div>\n\t\t\t\t<div class=\"elementor-element elementor-element-d370ab4 elementor-widget-divider--view-line elementor-widget elementor-widget-divider\" data-id=\"d370ab4\" data-element_type=\"widget\" data-widget_type=\"divider.default\">\n\t\t\t\t\t\t\t<div class=\"elementor-divider\">\n\t\t\t<span class=\"elementor-divider-separator\">\n\t\t\t\t\t\t<\/span>\n\t\t<\/div>\n\t\t\t\t\t\t<\/div>\n\t\t<div class=\"elementor-element elementor-element-dbad1aa e-con-full e-flex e-con e-child\" data-id=\"dbad1aa\" data-element_type=\"container\">\n\t\t<div class=\"elementor-element elementor-element-4c1dd03 e-con-full e-flex e-con e-child\" data-id=\"4c1dd03\" data-element_type=\"container\">\n\t\t\t\t<div class=\"elementor-element elementor-element-0dddb0b elementor-widget elementor-widget-heading\" data-id=\"0dddb0b\" data-element_type=\"widget\" data-widget_type=\"heading.default\">\n\t\t\t\t\t<h5 class=\"elementor-heading-title elementor-size-default\">5) Foreman \/ Team Leader (m\/f\/d)<\/h5>\t\t\t\t<\/div>\n\t\t\t\t<div class=\"elementor-element elementor-element-6001a86 elementor-widget elementor-widget-text-editor\" data-id=\"6001a86\" data-element_type=\"widget\" data-widget_type=\"text-editor.default\">\n\t\t\t\t\t\t\t\t\t<p data-start=\"624\" data-end=\"833\">Responsibilities: Team coordination, quality control, documentation, customer contact person. Profile: Experience in cleaning\/construction, reliable, clear communication.<\/p>\t\t\t\t\t\t\t\t<\/div>\n\t\t\t\t<\/div>\n\t\t\t\t<\/div>\n\t\t\t\t<div class=\"elementor-element elementor-element-31d3dba elementor-widget elementor-widget-konstic-theme-button-widget\" data-id=\"31d3dba\" data-element_type=\"widget\" data-widget_type=\"konstic-theme-button-widget.default\">\n\t\t\t\t<div class=\"elementor-widget-container\">\n\t\t\t\t\t\r\n\t\r\n\r\n\t<a href=\"mailto:kontakt@delta-gebaeude.de\" class=\"theme-btn\">Submit a request <i class=\"fa-regular fa-arrow-right\"><\/i><\/a>\r\n\r\n\t\r\n\r\n             \r\n\t\t\t\t\t\t<\/div>\n\t\t\t\t<\/div>\n\t\t\t\t<\/div>\n\t\t\t\t\t<\/div>\n\t\t\t\t<\/div>\n\t\t\t\t<\/div>\n\t\t","protected":false},"excerpt":{"rendered":"<p>Karriere bei DELTA Geb\u00e4ude &amp; Immobilien Service Wir wachsen in Duisburg &amp; Umgebung \u2013 und suchen zuverl\u00e4ssige Unterst\u00fctzung. DELTA Geb\u00e4ude UG (Gesellschaft mit beschr\u00e4nkter Haftung) bietet an: Geb\u00e4udereinigung (privat &amp; gewerblich), Industriereinigung, Hausmeisterdienste, M\u00fcllentsorgung sowie Renovierungs-\/Handwerksleistungen. Was wir bieten Zuverl\u00e4ssige Einsatzplanung und klare Aufgaben Faire Verg\u00fctung (nach Vereinbarung) + p\u00fcnktliche Auszahlung Einarbeitung und Qualit\u00e4tsstandards Arbeitskleidung\/Arbeitsmittel<\/p>\n","protected":false},"author":1,"featured_media":0,"parent":0,"menu_order":0,"comment_status":"closed","ping_status":"closed","template":"elementor_header_footer","meta":{"inline_featured_image":false,"_monsterinsights_skip_tracking":false,"_monsterinsights_sitenote_active":false,"_monsterinsights_sitenote_note":"","_monsterinsights_sitenote_category":0,"footnotes":""},"class_list":["post-2472","page","type-page","status-publish","hentry"],"aioseo_notices":[],"_hostinger_reach_plugin_has_subscription_block":false,"_hostinger_reach_plugin_is_elementor":false,"_links":{"self":[{"href":"https:\/\/delta-gebaeude.de\/en\/wp-json\/wp\/v2\/pages\/2472","targetHints":{"allow":["GET"]}}],"collection":[{"href":"https:\/\/delta-gebaeude.de\/en\/wp-json\/wp\/v2\/pages"}],"about":[{"href":"https:\/\/delta-gebaeude.de\/en\/wp-json\/wp\/v2\/types\/page"}],"author":[{"embeddable":true,"href":"https:\/\/delta-gebaeude.de\/en\/wp-json\/wp\/v2\/users\/1"}],"replies":[{"embeddable":true,"href":"https:\/\/delta-gebaeude.de\/en\/wp-json\/wp\/v2\/comments?post=2472"}],"version-history":[{"count":6,"href":"https:\/\/delta-gebaeude.de\/en\/wp-json\/wp\/v2\/pages\/2472\/revisions"}],"predecessor-version":[{"id":2479,"href":"https:\/\/delta-gebaeude.de\/en\/wp-json\/wp\/v2\/pages\/2472\/revisions\/2479"}],"wp:attachment":[{"href":"https:\/\/delta-gebaeude.de\/en\/wp-json\/wp\/v2\/media?parent=2472"}],"curies":[{"name":"wp","href":"https:\/\/api.w.org\/{rel}","templated":true}]}}